{"id":2,"date":"2020-05-28T17:32:35","date_gmt":"2020-05-28T17:32:35","guid":{"rendered":"https:\/\/vippivertailu.fi\/?page_id=2"},"modified":"2020-05-28T19:20:05","modified_gmt":"2020-05-28T19:20:05","slug":"sample-page","status":"publish","type":"page","link":"https:\/\/vippivertailu.fi\/","title":{"rendered":"Lainat kaikkiin tarpeisiin"},"content":{"rendered":"\n<p>Voit hakea pikavipit, pikalainat, pienlainat, k\u00e4ytt\u00f6lainat, tililuottot, yrityslainat, autolainat ja kulutuslainat nopeasti ja edullisesti seuravaavista palveluista:<\/p>\n\n\n\n<ul class=\"wp-block-list\"><li><a rel=\"noreferrer noopener\" href=\"https:\/\/c.trackmytarget.com\/50qap0\" target=\"_blank\"><strong>Saldo Laina<\/strong><\/a> on vakuudeton 1\u00a0000\u201310\u00a0000 euron kertaluotto ja sen korko on 13,9\u201319,9\u00a0%. Lainanhoitokulu: 0,01\u00a0% \/ p\u00e4iv\u00e4 ja korkeintaan 150\u00a0\u20ac \/ vuosi. Todellinen vuosikorko: 21,3\u201329,5\u00a0%. Laina-aika: 12 \u2013 88 kuukautta. Kuukausier\u00e4: 29\u2013399\u00a0\u20ac.<\/li><li><a rel=\"noreferrer noopener\" href=\"https:\/\/c.trackmytarget.com\/3kzmpl\" target=\"_blank\"><strong>Credigo<\/strong><\/a> on yksinkertainen tapa saada apua v\u00e4liaikaiseen rahantarpeeseen. Hakemuksen tekeminen k\u00e4y hetkess\u00e4, ja saat alustavan lainap\u00e4\u00e4t\u00f6ksen saman tien. Credigon kulutusluotto on hinnoiteltu selke\u00e4sti, ja sen hakeminen onnistuu ilman liitteit\u00e4. Voit hakea luottoa 500\u20135000 euroa.<\/li><li><a rel=\"noreferrer noopener\" href=\"https:\/\/c.trackmytarget.com\/ejn17y\" target=\"_blank\"><strong>SaldoLimiitti<\/strong><\/a> toimii kuin luottokortti, mutta on k\u00e4ytett\u00e4viss\u00e4si paljon nopeammin. Nostat ja maksat omaan tahtiisi joustavaa lainaa! Luottoraja jopa 2000 \u20ac<\/li><li><strong><a rel=\"noreferrer noopener\" href=\"https:\/\/c.trackmytarget.com\/srypw1\" target=\"_blank\">Blue Financen<\/a><\/strong> joustoluoton korkein luottoraja 5000 \u20ac Nostopalkkio 0 % Luottokorko 20 % p.a. Todellinen vuosikorko 21,9 % Luottosopimuksen kesto: Jatkuva luotto Tyypillisen 5000 euron 12 kk joustoluoton todellinen vuosikorko on 21,90 %, takaisin maksettava summa 5558,07 \u20ac (sis. kaikki kulut ja korot) Tyypillinen lyhennysohjelman mukainen maksuaika 5000 \u20ac luotolle on 34 kk.<\/li><li><strong><a rel=\"noreferrer noopener\" href=\"https:\/\/c.trackmytarget.com\/d65z1t\" target=\"_blank\">kattokorko.fi<\/a><\/strong>\u00a0tarjoaa lainaa 10\u00a0000-60\u00a0000\u20ac aina alle 10% korolla.<\/li><li><strong><a href=\"https:\/\/c.trackmytarget.com\/py7yvx\" target=\"_blank\" rel=\"noreferrer noopener\">Ege pikalaina<\/a><\/strong>\u00a0on jokaiselle v\u00e4hint\u00e4\u00e4n 20-70 vuotiaalle, luottokelpoiselle ja hyvin raha-asiansa hoitaneelle henkil\u00f6lle. Vakuuksia tai takaajia ei tarvita, mutta edellytys on, ett\u00e4 Sinulla on s\u00e4\u00e4nn\u00f6llisi\u00e4 tuloja. Valikoimassa on nyt suosituimmat lainasummat 50 euroa, 100 euroa ja 150 euroa. Lis\u00e4lainan hakeminen on mahdollista vapaan luottorajan puitteissa.<\/li><\/ul>\n\n\n\n<h2 class=\"wp-block-heading\">Yrityksen rahoitus<\/h2>\n\n\n\n<ul class=\"wp-block-list\"><li><strong><a href=\"https:\/\/c.trackmytarget.com\/cipsrc\">Saldo Yrityslaina<\/a><\/strong> on vakuudellinen 2000\u201350&nbsp;000&nbsp;\u20ac kertaluotto, jonka maksuaika on 1\u201312 kk. Kuukausier\u00e4 alk. 490&nbsp;\u20ac\/kk. Korko 0&nbsp;%, kiinte\u00e4 kulu m\u00e4\u00e4r\u00e4ytyy lainatarjouksen mukaan.<\/li><li><a rel=\"noreferrer noopener\" href=\"https:\/\/c.trackmytarget.com\/qbdu2p\" target=\"_blank\"><strong>CapitalBox<\/strong><\/a>&nbsp;antaa pienyrityksille niiden k\u00e4ytt\u00f6p\u00e4\u00e4omaa lis\u00e4\u00e4v\u00e4\u00e4 tasaer\u00e4lainaa. Lainan m\u00e4\u00e4r\u00e4 on 2 000 &#8211; 250 000 euroa, ja sen takaisinmaksuaika on jopa 24 kuukautta.<\/li><li><a rel=\"noreferrer noopener\" href=\"https:\/\/c.trackmytarget.com\/06r0ir\" target=\"_blank\"><strong>BusinessCredit<\/strong><\/a> nopea ja joustava rahoitusratkaisu kaikenkokoisille yrityksille,Lainasumma 1000 \u2013 100 000 \u20ac,Laina-aika enint\u00e4\u00e4n 18 kk,Laina my\u00f6nnet\u00e4\u00e4n ilman reaalivakuuksia, Sopii my\u00f6s pienille yrityksille<\/li><li><strong><a rel=\"noreferrer noopener\" href=\"https:\/\/c.trackmytarget.com\/r4aj31\" target=\"_blank\">Rahoittaja.fi<\/a><\/strong> yrityslaina 3000 \u2013 50 000 \u20ac, laina-aikamme vaihtelevat yrityslainasummien mukaan, lainahakemus on nopea.<\/li><li><strong><a rel=\"noreferrer noopener\" href=\"https:\/\/c.trackmytarget.com\/2wfgw6\" target=\"_blank\">Siltaraha Yrityslaina<\/a><\/strong> on vaivaton ratkaisu yrityksen akuuttiin rahantarpeeseen. Lainasumma 1000- 300&nbsp;000 \u20ac. Maksuaika 1-36 kuukautta<\/li><li><a rel=\"noreferrer noopener\" href=\"https:\/\/c.trackmytarget.com\/apwn2k\" target=\"_blank\"><strong>Qred<\/strong> <\/a>tarjoaa 1.000 \u2013 100.000 \u20ac yrityslainaa suomalaisille pienyritt\u00e4jille.<\/li><\/ul>\n\n\n\n<p><\/p>\n\n\n\n<p><\/p>\n","protected":false},"excerpt":{"rendered":"<p>Voit hakea pikavipit, pikalainat, pienlainat, k\u00e4ytt\u00f6lainat, tililuottot, yrityslainat, autolainat ja kulutuslainat nopeasti ja edullisesti seuravaavista palveluista: Saldo Laina on vakuudeton 1\u00a0000\u201310\u00a0000 euron kertaluotto ja sen korko on 13,9\u201319,9\u00a0%. Lainanhoitokulu: 0,01\u00a0% \/ p\u00e4iv\u00e4 ja korkeintaan 150\u00a0\u20ac \/ vuosi. Todellinen vuosikorko: 21,3\u201329,5\u00a0%. Laina-aika: 12 \u2013 88 kuukautta. Kuukausier\u00e4: 29\u2013399\u00a0\u20ac. Credigo on yksinkertainen tapa saada apua v\u00e4liaikaiseen rahantarpeeseen. [&hellip;]<\/p>\n","protected":false},"author":1,"featured_media":0,"parent":0,"menu_order":0,"comment_status":"closed","ping_status":"open","template":"","meta":{"site-sidebar-layout":"default","site-content-layout":"default","ast-site-content-layout":"default","site-content-style":"default","site-sidebar-style":"default","ast-global-header-display":"","ast-banner-title-visibility":"","ast-main-header-display":"","ast-hfb-above-header-display":"","ast-hfb-below-header-display":"","ast-hfb-mobile-header-display":"","site-post-title":"","ast-breadcrumbs-content":"","ast-featured-img":"disabled","footer-sml-layout":"","ast-disable-related-posts":"","theme-transparent-header-meta":"default","adv-header-id-meta":"","stick-header-meta":"","header-above-stick-meta":"","header-main-stick-meta":"","header-below-stick-meta":"","astra-migrate-meta-layouts":"default","ast-page-background-enabled":"default","ast-page-background-meta":{"desktop":{"background-color":"","background-image":"","background-repeat":"repeat","background-position":"center center","background-size":"auto","background-attachment":"scroll","background-type":"","background-media":"","overlay-type":"","overlay-color":"","overlay-opacity":"","overlay-gradient":""},"tablet":{"background-color":"","background-image":"","background-repeat":"repeat","background-position":"center center","background-size":"auto","background-attachment":"scroll","background-type":"","background-media":"","overlay-type":"","overlay-color":"","overlay-opacity":"","overlay-gradient":""},"mobile":{"background-color":"","background-image":"","background-repeat":"repeat","background-position":"center center","background-size":"auto","background-attachment":"scroll","background-type":"","background-media":"","overlay-type":"","overlay-color":"","overlay-opacity":"","overlay-gradient":""}},"ast-content-background-meta":{"desktop":{"background-color":"var(--ast-global-color-5)","background-image":"","background-repeat":"repeat","background-position":"center center","background-size":"auto","background-attachment":"scroll","background-type":"","background-media":"","overlay-type":"","overlay-color":"","overlay-opacity":"","overlay-gradient":""},"tablet":{"background-color":"var(--ast-global-color-5)","background-image":"","background-repeat":"repeat","background-position":"center center","background-size":"auto","background-attachment":"scroll","background-type":"","background-media":"","overlay-type":"","overlay-color":"","overlay-opacity":"","overlay-gradient":""},"mobile":{"background-color":"var(--ast-global-color-5)","background-image":"","background-repeat":"repeat","background-position":"center center","background-size":"auto","background-attachment":"scroll","background-type":"","background-media":"","overlay-type":"","overlay-color":"","overlay-opacity":"","overlay-gradient":""}},"footnotes":""},"class_list":["post-2","page","type-page","status-publish","hentry"],"yoast_head":"<!-- This site is optimized with the Yoast SEO plugin v27.3 - https:\/\/yoast.com\/product\/yoast-seo-wordpress\/ -->\n<title>Lainat kaikkiin tarpeisiin - Vippivertailu.fi 2020<\/title>\n<meta name=\"robots\" content=\"index, follow, max-snippet:-1, max-image-preview:large, max-video-preview:-1\" \/>\n<link rel=\"canonical\" href=\"https:\/\/vippivertailu.fi\/\" \/>\n<meta property=\"og:locale\" content=\"sv_SE\" \/>\n<meta property=\"og:type\" content=\"article\" \/>\n<meta property=\"og:title\" content=\"Lainat kaikkiin tarpeisiin - Vippivertailu.fi 2020\" \/>\n<meta property=\"og:description\" content=\"Voit hakea pikavipit, pikalainat, pienlainat, k\u00e4ytt\u00f6lainat, tililuottot, yrityslainat, autolainat ja kulutuslainat nopeasti ja edullisesti seuravaavista palveluista: Saldo Laina on vakuudeton 1\u00a0000\u201310\u00a0000 euron kertaluotto ja sen korko on 13,9\u201319,9\u00a0%. Lainanhoitokulu: 0,01\u00a0% \/ p\u00e4iv\u00e4 ja korkeintaan 150\u00a0\u20ac \/ vuosi. Todellinen vuosikorko: 21,3\u201329,5\u00a0%. Laina-aika: 12 \u2013 88 kuukautta. Kuukausier\u00e4: 29\u2013399\u00a0\u20ac. Credigo on yksinkertainen tapa saada apua v\u00e4liaikaiseen rahantarpeeseen. [&hellip;]\" \/>\n<meta property=\"og:url\" content=\"https:\/\/vippivertailu.fi\/\" \/>\n<meta property=\"og:site_name\" content=\"Vippivertailu.fi 2020\" \/>\n<meta property=\"article:modified_time\" content=\"2020-05-28T19:20:05+00:00\" \/>\n<meta name=\"twitter:card\" content=\"summary_large_image\" \/>\n<meta name=\"twitter:label1\" content=\"Ber\u00e4knad l\u00e4stid\" \/>\n\t<meta name=\"twitter:data1\" content=\"1 minut\" \/>\n<script type=\"application\/ld+json\" class=\"yoast-schema-graph\">{\"@context\":\"https:\\\/\\\/schema.org\",\"@graph\":[{\"@type\":\"WebPage\",\"@id\":\"https:\\\/\\\/vippivertailu.fi\\\/\",\"url\":\"https:\\\/\\\/vippivertailu.fi\\\/\",\"name\":\"Lainat kaikkiin tarpeisiin - Vippivertailu.fi 2020\",\"isPartOf\":{\"@id\":\"https:\\\/\\\/vippivertailu.fi\\\/#website\"},\"datePublished\":\"2020-05-28T17:32:35+00:00\",\"dateModified\":\"2020-05-28T19:20:05+00:00\",\"breadcrumb\":{\"@id\":\"https:\\\/\\\/vippivertailu.fi\\\/#breadcrumb\"},\"inLanguage\":\"sv-SE\",\"potentialAction\":[{\"@type\":\"ReadAction\",\"target\":[\"https:\\\/\\\/vippivertailu.fi\\\/\"]}]},{\"@type\":\"BreadcrumbList\",\"@id\":\"https:\\\/\\\/vippivertailu.fi\\\/#breadcrumb\",\"itemListElement\":[{\"@type\":\"ListItem\",\"position\":1,\"name\":\"Home\",\"item\":\"https:\\\/\\\/vippivertailu.fi\\\/\"},{\"@type\":\"ListItem\",\"position\":2,\"name\":\"Lainat kaikkiin tarpeisiin\"}]},{\"@type\":\"WebSite\",\"@id\":\"https:\\\/\\\/vippivertailu.fi\\\/#website\",\"url\":\"https:\\\/\\\/vippivertailu.fi\\\/\",\"name\":\"Vippivertailu.fi\",\"description\":\"Pikavippi ja Lainavertailu\",\"potentialAction\":[{\"@type\":\"SearchAction\",\"target\":{\"@type\":\"EntryPoint\",\"urlTemplate\":\"https:\\\/\\\/vippivertailu.fi\\\/?s={search_term_string}\"},\"query-input\":{\"@type\":\"PropertyValueSpecification\",\"valueRequired\":true,\"valueName\":\"search_term_string\"}}],\"inLanguage\":\"sv-SE\"}]}<\/script>\n<!-- \/ Yoast SEO plugin. -->","yoast_head_json":{"title":"Lainat kaikkiin tarpeisiin - Vippivertailu.fi 2020","robots":{"index":"index","follow":"follow","max-snippet":"max-snippet:-1","max-image-preview":"max-image-preview:large","max-video-preview":"max-video-preview:-1"},"canonical":"https:\/\/vippivertailu.fi\/","og_locale":"sv_SE","og_type":"article","og_title":"Lainat kaikkiin tarpeisiin - Vippivertailu.fi 2020","og_description":"Voit hakea pikavipit, pikalainat, pienlainat, k\u00e4ytt\u00f6lainat, tililuottot, yrityslainat, autolainat ja kulutuslainat nopeasti ja edullisesti seuravaavista palveluista: Saldo Laina on vakuudeton 1\u00a0000\u201310\u00a0000 euron kertaluotto ja sen korko on 13,9\u201319,9\u00a0%. Lainanhoitokulu: 0,01\u00a0% \/ p\u00e4iv\u00e4 ja korkeintaan 150\u00a0\u20ac \/ vuosi. Todellinen vuosikorko: 21,3\u201329,5\u00a0%. Laina-aika: 12 \u2013 88 kuukautta. Kuukausier\u00e4: 29\u2013399\u00a0\u20ac. Credigo on yksinkertainen tapa saada apua v\u00e4liaikaiseen rahantarpeeseen. [&hellip;]","og_url":"https:\/\/vippivertailu.fi\/","og_site_name":"Vippivertailu.fi 2020","article_modified_time":"2020-05-28T19:20:05+00:00","twitter_card":"summary_large_image","twitter_misc":{"Ber\u00e4knad l\u00e4stid":"1 minut"},"schema":{"@context":"https:\/\/schema.org","@graph":[{"@type":"WebPage","@id":"https:\/\/vippivertailu.fi\/","url":"https:\/\/vippivertailu.fi\/","name":"Lainat kaikkiin tarpeisiin - Vippivertailu.fi 2020","isPartOf":{"@id":"https:\/\/vippivertailu.fi\/#website"},"datePublished":"2020-05-28T17:32:35+00:00","dateModified":"2020-05-28T19:20:05+00:00","breadcrumb":{"@id":"https:\/\/vippivertailu.fi\/#breadcrumb"},"inLanguage":"sv-SE","potentialAction":[{"@type":"ReadAction","target":["https:\/\/vippivertailu.fi\/"]}]},{"@type":"BreadcrumbList","@id":"https:\/\/vippivertailu.fi\/#breadcrumb","itemListElement":[{"@type":"ListItem","position":1,"name":"Home","item":"https:\/\/vippivertailu.fi\/"},{"@type":"ListItem","position":2,"name":"Lainat kaikkiin tarpeisiin"}]},{"@type":"WebSite","@id":"https:\/\/vippivertailu.fi\/#website","url":"https:\/\/vippivertailu.fi\/","name":"Vippivertailu.fi","description":"Pikavippi ja Lainavertailu","potentialAction":[{"@type":"SearchAction","target":{"@type":"EntryPoint","urlTemplate":"https:\/\/vippivertailu.fi\/?s={search_term_string}"},"query-input":{"@type":"PropertyValueSpecification","valueRequired":true,"valueName":"search_term_string"}}],"inLanguage":"sv-SE"}]}},"_links":{"self":[{"href":"https:\/\/vippivertailu.fi\/index.php\/wp-json\/wp\/v2\/pages\/2","targetHints":{"allow":["GET"]}}],"collection":[{"href":"https:\/\/vippivertailu.fi\/index.php\/wp-json\/wp\/v2\/pages"}],"about":[{"href":"https:\/\/vippivertailu.fi\/index.php\/wp-json\/wp\/v2\/types\/page"}],"author":[{"embeddable":true,"href":"https:\/\/vippivertailu.fi\/index.php\/wp-json\/wp\/v2\/users\/1"}],"replies":[{"embeddable":true,"href":"https:\/\/vippivertailu.fi\/index.php\/wp-json\/wp\/v2\/comments?post=2"}],"version-history":[{"count":15,"href":"https:\/\/vippivertailu.fi\/index.php\/wp-json\/wp\/v2\/pages\/2\/revisions"}],"predecessor-version":[{"id":69,"href":"https:\/\/vippivertailu.fi\/index.php\/wp-json\/wp\/v2\/pages\/2\/revisions\/69"}],"wp:attachment":[{"href":"https:\/\/vippivertailu.fi\/index.php\/wp-json\/wp\/v2\/media?parent=2"}],"curies":[{"name":"wp","href":"https:\/\/api.w.org\/{rel}","templated":true}]}}